{"id":78,"date":"2023-09-01T23:19:11","date_gmt":"2023-09-01T23:19:11","guid":{"rendered":"https:\/\/casafema.mx\/?page_id=78"},"modified":"2023-09-02T17:59:15","modified_gmt":"2023-09-02T17:59:15","slug":"quienes-somos","status":"publish","type":"page","link":"https:\/\/casafema.mx\/?page_id=78","title":{"rendered":"\u00bfQuienes somos?"},"content":{"rendered":"<p class=\"has-text-align-center\"><strong>Misi\u00f3n<\/strong><\/p>\nCasa Fema es una empresa mexicana contratista que se dedica a la especializaci\u00f3n en servicios de ingenier\u00eda como concreto hidr\u00e1ulico, pisos decorativos, aires acondicionados HVAC, etc., as\u00ed como la distribuci\u00f3n a nivel nacional de productos para la remodelaci\u00f3n y mantenimiento como pintura, plafones, impermeabilizantes, selladores acr\u00edlicos, materiales el\u00e9ctricos y dem\u00e1s; ofreciendo a nuestros clientes marcas l\u00edderes en el mercado y productos de la mejor calidad, con una atenci\u00f3n personalizada y a la medida de las necesidades de cada negocio, empresa y\/o proyecto.\n\n<img loading=\"lazy\" decoding=\"async\" class=\"aligncenter wp-image-55 size-full\" src=\"https:\/\/casafema.mx\/wp-content\/uploads\/2023\/09\/construction-2578410_1920-1.jpg\" alt=\"\" width=\"1920\" height=\"1280\" srcset=\"https:\/\/casafema.mx\/wp-content\/uploads\/2023\/09\/construction-2578410_1920-1.jpg 1920w, https:\/\/casafema.mx\/wp-content\/uploads\/2023\/09\/construction-2578410_1920-1-300x200.jpg 300w, https:\/\/casafema.mx\/wp-content\/uploads\/2023\/09\/construction-2578410_1920-1-1024x683.jpg 1024w, https:\/\/casafema.mx\/wp-content\/uploads\/2023\/09\/construction-2578410_1920-1-768x512.jpg 768w, https:\/\/casafema.mx\/wp-content\/uploads\/2023\/09\/construction-2578410_1920-1-1536x1024.jpg 1536w, https:\/\/casafema.mx\/wp-content\/uploads\/2023\/09\/construction-2578410_1920-1-600x400.jpg 600w\" sizes=\"auto, (max-width: 1920px) 100vw, 1920px\" \/>\n\n<!-- \/wp:post-content --><!-- wp:paragraph -->\n\n<!-- wp:paragraph {\"align\":\"center\"} -->\n<p class=\"has-text-align-center\"><strong>Visi\u00f3n<\/strong><\/p>\n<!-- \/wp:paragraph -->\n\n<!-- wp:paragraph -->\n\nSer una empresa l\u00edder en la distribuci\u00f3n de materiales para la construcci\u00f3n y acabados, as\u00ed como servicios de aire acondicionado HVAC. Reconocida por su calidad, servicio, puntualidad y excelentes precios. Logrando as\u00ed la satisfacci\u00f3n de nuestros clientes a trav\u00e9s de la optimizaci\u00f3n de sus tiempos, presupuesto y proporcion\u00e1ndoles todo lo necesario para la construcci\u00f3n de sus obras.\nDiferenci\u00e1ndonos por ser una empresa transparente y con alto compromiso con nuestros clientes.\n\n<!-- \/wp:paragraph -->\n\n<!-- wp:paragraph -->\n\n<!-- \/wp:paragraph -->","protected":false},"excerpt":{"rendered":"<p>Misi\u00f3n Casa Fema es una empresa mexicana contratista que se dedica a la especializaci\u00f3n en servicios de ingenier\u00eda como concreto hidr\u00e1ulico, pisos decorativos, aires acondicionados HVAC, etc., as\u00ed como la distribuci\u00f3n a nivel nacional de productos para la remodelaci\u00f3n y mantenimiento como pintura, plafones, impermeabilizantes, selladores acr\u00edlicos, materiales el\u00e9ctricos y dem\u00e1s; ofreciendo a nuestros clientes [&hellip;]<\/p>\n","protected":false},"author":1,"featured_media":0,"parent":0,"menu_order":0,"comment_status":"closed","ping_status":"closed","template":"","meta":{"footnotes":""},"class_list":["post-78","page","type-page","status-publish","hentry"],"yoast_head":"<!-- This site is optimized with the Yoast SEO plugin v27.5 - https:\/\/yoast.com\/product\/yoast-seo-wordpress\/ -->\n<title>\u00bfQuienes somos? - Casa Fema<\/title>\n<meta name=\"robots\" content=\"index, follow, max-snippet:-1, max-image-preview:large, max-video-preview:-1\" \/>\n<link rel=\"canonical\" href=\"https:\/\/casafema.mx\/?page_id=78\" \/>\n<meta property=\"og:locale\" content=\"es_ES\" \/>\n<meta property=\"og:type\" content=\"article\" \/>\n<meta property=\"og:title\" content=\"\u00bfQuienes somos? - Casa Fema\" \/>\n<meta property=\"og:description\" content=\"Misi\u00f3n Casa Fema es una empresa mexicana contratista que se dedica a la especializaci\u00f3n en servicios de ingenier\u00eda como concreto hidr\u00e1ulico, pisos decorativos, aires acondicionados HVAC, etc., as\u00ed como la distribuci\u00f3n a nivel nacional de productos para la remodelaci\u00f3n y mantenimiento como pintura, plafones, impermeabilizantes, selladores acr\u00edlicos, materiales el\u00e9ctricos y dem\u00e1s; ofreciendo a nuestros clientes [&hellip;]\" \/>\n<meta property=\"og:url\" content=\"https:\/\/casafema.mx\/?page_id=78\" \/>\n<meta property=\"og:site_name\" content=\"Casa Fema\" \/>\n<meta property=\"article:modified_time\" content=\"2023-09-02T17:59:15+00:00\" \/>\n<meta property=\"og:image\" content=\"https:\/\/casafema.mx\/wp-content\/uploads\/2023\/09\/construction-2578410_1920-1.jpg\" \/>\n<meta name=\"twitter:card\" content=\"summary_large_image\" \/>\n<meta name=\"twitter:label1\" content=\"Tiempo de lectura\" \/>\n\t<meta name=\"twitter:data1\" content=\"1 minuto\" \/>\n<script type=\"application\/ld+json\" class=\"yoast-schema-graph\">{\"@context\":\"https:\\\/\\\/schema.org\",\"@graph\":[{\"@type\":\"WebPage\",\"@id\":\"https:\\\/\\\/casafema.mx\\\/?page_id=78\",\"url\":\"https:\\\/\\\/casafema.mx\\\/?page_id=78\",\"name\":\"\u00bfQuienes somos? - Casa Fema\",\"isPartOf\":{\"@id\":\"https:\\\/\\\/casafema.mx\\\/#website\"},\"primaryImageOfPage\":{\"@id\":\"https:\\\/\\\/casafema.mx\\\/?page_id=78#primaryimage\"},\"image\":{\"@id\":\"https:\\\/\\\/casafema.mx\\\/?page_id=78#primaryimage\"},\"thumbnailUrl\":\"https:\\\/\\\/casafema.mx\\\/wp-content\\\/uploads\\\/2023\\\/09\\\/construction-2578410_1920-1.jpg\",\"datePublished\":\"2023-09-01T23:19:11+00:00\",\"dateModified\":\"2023-09-02T17:59:15+00:00\",\"breadcrumb\":{\"@id\":\"https:\\\/\\\/casafema.mx\\\/?page_id=78#breadcrumb\"},\"inLanguage\":\"es\",\"potentialAction\":[{\"@type\":\"ReadAction\",\"target\":[\"https:\\\/\\\/casafema.mx\\\/?page_id=78\"]}]},{\"@type\":\"ImageObject\",\"inLanguage\":\"es\",\"@id\":\"https:\\\/\\\/casafema.mx\\\/?page_id=78#primaryimage\",\"url\":\"https:\\\/\\\/casafema.mx\\\/wp-content\\\/uploads\\\/2023\\\/09\\\/construction-2578410_1920-1.jpg\",\"contentUrl\":\"https:\\\/\\\/casafema.mx\\\/wp-content\\\/uploads\\\/2023\\\/09\\\/construction-2578410_1920-1.jpg\",\"width\":1920,\"height\":1280},{\"@type\":\"BreadcrumbList\",\"@id\":\"https:\\\/\\\/casafema.mx\\\/?page_id=78#breadcrumb\",\"itemListElement\":[{\"@type\":\"ListItem\",\"position\":1,\"name\":\"Portada\",\"item\":\"https:\\\/\\\/casafema.mx\\\/\"},{\"@type\":\"ListItem\",\"position\":2,\"name\":\"\u00bfQuienes somos?\"}]},{\"@type\":\"WebSite\",\"@id\":\"https:\\\/\\\/casafema.mx\\\/#website\",\"url\":\"https:\\\/\\\/casafema.mx\\\/\",\"name\":\"Casa Fema\",\"description\":\"CASA FEMA tiene diferentes servicios y\\\/o productos para tus proyectos\",\"publisher\":{\"@id\":\"https:\\\/\\\/casafema.mx\\\/#organization\"},\"potentialAction\":[{\"@type\":\"SearchAction\",\"target\":{\"@type\":\"EntryPoint\",\"urlTemplate\":\"https:\\\/\\\/casafema.mx\\\/?s={search_term_string}\"},\"query-input\":{\"@type\":\"PropertyValueSpecification\",\"valueRequired\":true,\"valueName\":\"search_term_string\"}}],\"inLanguage\":\"es\"},{\"@type\":\"Organization\",\"@id\":\"https:\\\/\\\/casafema.mx\\\/#organization\",\"name\":\"Casa Fema\",\"url\":\"https:\\\/\\\/casafema.mx\\\/\",\"logo\":{\"@type\":\"ImageObject\",\"inLanguage\":\"es\",\"@id\":\"https:\\\/\\\/casafema.mx\\\/#\\\/schema\\\/logo\\\/image\\\/\",\"url\":\"https:\\\/\\\/casafema.mx\\\/wp-content\\\/uploads\\\/2023\\\/09\\\/cropped-LOGO-scaled-2.jpg\",\"contentUrl\":\"https:\\\/\\\/casafema.mx\\\/wp-content\\\/uploads\\\/2023\\\/09\\\/cropped-LOGO-scaled-2.jpg\",\"width\":2558,\"height\":744,\"caption\":\"Casa Fema\"},\"image\":{\"@id\":\"https:\\\/\\\/casafema.mx\\\/#\\\/schema\\\/logo\\\/image\\\/\"}}]}<\/script>\n<!-- \/ Yoast SEO plugin. -->","yoast_head_json":{"title":"\u00bfQuienes somos? - Casa Fema","robots":{"index":"index","follow":"follow","max-snippet":"max-snippet:-1","max-image-preview":"max-image-preview:large","max-video-preview":"max-video-preview:-1"},"canonical":"https:\/\/casafema.mx\/?page_id=78","og_locale":"es_ES","og_type":"article","og_title":"\u00bfQuienes somos? - Casa Fema","og_description":"Misi\u00f3n Casa Fema es una empresa mexicana contratista que se dedica a la especializaci\u00f3n en servicios de ingenier\u00eda como concreto hidr\u00e1ulico, pisos decorativos, aires acondicionados HVAC, etc., as\u00ed como la distribuci\u00f3n a nivel nacional de productos para la remodelaci\u00f3n y mantenimiento como pintura, plafones, impermeabilizantes, selladores acr\u00edlicos, materiales el\u00e9ctricos y dem\u00e1s; ofreciendo a nuestros clientes [&hellip;]","og_url":"https:\/\/casafema.mx\/?page_id=78","og_site_name":"Casa Fema","article_modified_time":"2023-09-02T17:59:15+00:00","og_image":[{"url":"https:\/\/casafema.mx\/wp-content\/uploads\/2023\/09\/construction-2578410_1920-1.jpg","type":"","width":"","height":""}],"twitter_card":"summary_large_image","twitter_misc":{"Tiempo de lectura":"1 minuto"},"schema":{"@context":"https:\/\/schema.org","@graph":[{"@type":"WebPage","@id":"https:\/\/casafema.mx\/?page_id=78","url":"https:\/\/casafema.mx\/?page_id=78","name":"\u00bfQuienes somos? - Casa Fema","isPartOf":{"@id":"https:\/\/casafema.mx\/#website"},"primaryImageOfPage":{"@id":"https:\/\/casafema.mx\/?page_id=78#primaryimage"},"image":{"@id":"https:\/\/casafema.mx\/?page_id=78#primaryimage"},"thumbnailUrl":"https:\/\/casafema.mx\/wp-content\/uploads\/2023\/09\/construction-2578410_1920-1.jpg","datePublished":"2023-09-01T23:19:11+00:00","dateModified":"2023-09-02T17:59:15+00:00","breadcrumb":{"@id":"https:\/\/casafema.mx\/?page_id=78#breadcrumb"},"inLanguage":"es","potentialAction":[{"@type":"ReadAction","target":["https:\/\/casafema.mx\/?page_id=78"]}]},{"@type":"ImageObject","inLanguage":"es","@id":"https:\/\/casafema.mx\/?page_id=78#primaryimage","url":"https:\/\/casafema.mx\/wp-content\/uploads\/2023\/09\/construction-2578410_1920-1.jpg","contentUrl":"https:\/\/casafema.mx\/wp-content\/uploads\/2023\/09\/construction-2578410_1920-1.jpg","width":1920,"height":1280},{"@type":"BreadcrumbList","@id":"https:\/\/casafema.mx\/?page_id=78#breadcrumb","itemListElement":[{"@type":"ListItem","position":1,"name":"Portada","item":"https:\/\/casafema.mx\/"},{"@type":"ListItem","position":2,"name":"\u00bfQuienes somos?"}]},{"@type":"WebSite","@id":"https:\/\/casafema.mx\/#website","url":"https:\/\/casafema.mx\/","name":"Casa Fema","description":"CASA FEMA tiene diferentes servicios y\/o productos para tus proyectos","publisher":{"@id":"https:\/\/casafema.mx\/#organization"},"potentialAction":[{"@type":"SearchAction","target":{"@type":"EntryPoint","urlTemplate":"https:\/\/casafema.mx\/?s={search_term_string}"},"query-input":{"@type":"PropertyValueSpecification","valueRequired":true,"valueName":"search_term_string"}}],"inLanguage":"es"},{"@type":"Organization","@id":"https:\/\/casafema.mx\/#organization","name":"Casa Fema","url":"https:\/\/casafema.mx\/","logo":{"@type":"ImageObject","inLanguage":"es","@id":"https:\/\/casafema.mx\/#\/schema\/logo\/image\/","url":"https:\/\/casafema.mx\/wp-content\/uploads\/2023\/09\/cropped-LOGO-scaled-2.jpg","contentUrl":"https:\/\/casafema.mx\/wp-content\/uploads\/2023\/09\/cropped-LOGO-scaled-2.jpg","width":2558,"height":744,"caption":"Casa Fema"},"image":{"@id":"https:\/\/casafema.mx\/#\/schema\/logo\/image\/"}}]}},"_links":{"self":[{"href":"https:\/\/casafema.mx\/index.php?rest_route=\/wp\/v2\/pages\/78","targetHints":{"allow":["GET"]}}],"collection":[{"href":"https:\/\/casafema.mx\/index.php?rest_route=\/wp\/v2\/pages"}],"about":[{"href":"https:\/\/casafema.mx\/index.php?rest_route=\/wp\/v2\/types\/page"}],"author":[{"embeddable":true,"href":"https:\/\/casafema.mx\/index.php?rest_route=\/wp\/v2\/users\/1"}],"replies":[{"embeddable":true,"href":"https:\/\/casafema.mx\/index.php?rest_route=%2Fwp%2Fv2%2Fcomments&post=78"}],"version-history":[{"count":3,"href":"https:\/\/casafema.mx\/index.php?rest_route=\/wp\/v2\/pages\/78\/revisions"}],"predecessor-version":[{"id":122,"href":"https:\/\/casafema.mx\/index.php?rest_route=\/wp\/v2\/pages\/78\/revisions\/122"}],"wp:attachment":[{"href":"https:\/\/casafema.mx\/index.php?rest_route=%2Fwp%2Fv2%2Fmedia&parent=78"}],"curies":[{"name":"wp","href":"https:\/\/api.w.org\/{rel}","templated":true}]}}