{"id":188,"date":"2023-09-04T23:54:04","date_gmt":"2023-09-04T23:54:04","guid":{"rendered":"https:\/\/casafema.mx\/?page_id=188"},"modified":"2023-09-04T23:54:05","modified_gmt":"2023-09-04T23:54:05","slug":"muros-decorativos","status":"publish","type":"page","link":"https:\/\/casafema.mx\/?page_id=188","title":{"rendered":"Muros decorativos"},"content":{"rendered":"\n<div class=\"wp-block-media-text has-media-on-the-right is-stacked-on-mobile\"><div class=\"wp-block-media-text__content\">\n<p>Los muros decorativos tienen m\u00faltiples beneficios, desde realzar el atractivo de un lugar hasta funcionar como aislante t\u00e9rmico.<\/p>\n\n\n\n<p>El dise\u00f1o de interiores con muros decorativos, adem\u00e1s de ser atractivos para los clientes, tambi\u00e9n sirven de aislante ac\u00fastico y pueden llegar a generar diferentes tipos de ambientes dependiendo del lugar para el que se vaya a utilizar. <\/p>\n<\/div><figure class=\"wp-block-media-text__media\"><img loading=\"lazy\" decoding=\"async\" width=\"600\" height=\"600\" src=\"https:\/\/casafema.mx\/wp-content\/uploads\/2023\/09\/muros-decorativos-2.webp\" alt=\"\" class=\"wp-image-189 size-full\" srcset=\"https:\/\/casafema.mx\/wp-content\/uploads\/2023\/09\/muros-decorativos-2.webp 600w, https:\/\/casafema.mx\/wp-content\/uploads\/2023\/09\/muros-decorativos-2-300x300.webp 300w, https:\/\/casafema.mx\/wp-content\/uploads\/2023\/09\/muros-decorativos-2-150x150.webp 150w, https:\/\/casafema.mx\/wp-content\/uploads\/2023\/09\/muros-decorativos-2-100x100.webp 100w\" sizes=\"auto, (max-width: 600px) 100vw, 600px\" \/><\/figure><\/div>\n","protected":false},"excerpt":{"rendered":"<p>Los muros decorativos tienen m\u00faltiples beneficios, desde realzar el atractivo de un lugar hasta funcionar como aislante t\u00e9rmico. El dise\u00f1o de interiores con muros decorativos, adem\u00e1s de ser atractivos para los clientes, tambi\u00e9n sirven de aislante ac\u00fastico y pueden llegar a generar diferentes tipos de ambientes dependiendo del lugar para el que se vaya a [&hellip;]<\/p>\n","protected":false},"author":1,"featured_media":0,"parent":0,"menu_order":0,"comment_status":"closed","ping_status":"closed","template":"","meta":{"footnotes":""},"class_list":["post-188","page","type-page","status-publish","hentry"],"yoast_head":"<!-- This site is optimized with the Yoast SEO plugin v27.5 - https:\/\/yoast.com\/product\/yoast-seo-wordpress\/ -->\n<title>Muros decorativos - Casa Fema<\/title>\n<meta name=\"robots\" content=\"index, follow, max-snippet:-1, max-image-preview:large, max-video-preview:-1\" \/>\n<link rel=\"canonical\" href=\"https:\/\/casafema.mx\/?page_id=188\" \/>\n<meta property=\"og:locale\" content=\"es_ES\" \/>\n<meta property=\"og:type\" content=\"article\" \/>\n<meta property=\"og:title\" content=\"Muros decorativos - Casa Fema\" \/>\n<meta property=\"og:description\" content=\"Los muros decorativos tienen m\u00faltiples beneficios, desde realzar el atractivo de un lugar hasta funcionar como aislante t\u00e9rmico. El dise\u00f1o de interiores con muros decorativos, adem\u00e1s de ser atractivos para los clientes, tambi\u00e9n sirven de aislante ac\u00fastico y pueden llegar a generar diferentes tipos de ambientes dependiendo del lugar para el que se vaya a [&hellip;]\" \/>\n<meta property=\"og:url\" content=\"https:\/\/casafema.mx\/?page_id=188\" \/>\n<meta property=\"og:site_name\" content=\"Casa Fema\" \/>\n<meta property=\"article:modified_time\" content=\"2023-09-04T23:54:05+00:00\" \/>\n<meta property=\"og:image\" content=\"https:\/\/casafema.mx\/wp-content\/uploads\/2023\/09\/muros-decorativos-2.webp\" \/>\n<meta name=\"twitter:card\" content=\"summary_large_image\" \/>\n<meta name=\"twitter:label1\" content=\"Tiempo de lectura\" \/>\n\t<meta name=\"twitter:data1\" content=\"1 minuto\" \/>\n<script type=\"application\/ld+json\" class=\"yoast-schema-graph\">{\"@context\":\"https:\\\/\\\/schema.org\",\"@graph\":[{\"@type\":\"WebPage\",\"@id\":\"https:\\\/\\\/casafema.mx\\\/?page_id=188\",\"url\":\"https:\\\/\\\/casafema.mx\\\/?page_id=188\",\"name\":\"Muros decorativos - Casa Fema\",\"isPartOf\":{\"@id\":\"https:\\\/\\\/casafema.mx\\\/#website\"},\"primaryImageOfPage\":{\"@id\":\"https:\\\/\\\/casafema.mx\\\/?page_id=188#primaryimage\"},\"image\":{\"@id\":\"https:\\\/\\\/casafema.mx\\\/?page_id=188#primaryimage\"},\"thumbnailUrl\":\"https:\\\/\\\/casafema.mx\\\/wp-content\\\/uploads\\\/2023\\\/09\\\/muros-decorativos-2.webp\",\"datePublished\":\"2023-09-04T23:54:04+00:00\",\"dateModified\":\"2023-09-04T23:54:05+00:00\",\"breadcrumb\":{\"@id\":\"https:\\\/\\\/casafema.mx\\\/?page_id=188#breadcrumb\"},\"inLanguage\":\"es\",\"potentialAction\":[{\"@type\":\"ReadAction\",\"target\":[\"https:\\\/\\\/casafema.mx\\\/?page_id=188\"]}]},{\"@type\":\"ImageObject\",\"inLanguage\":\"es\",\"@id\":\"https:\\\/\\\/casafema.mx\\\/?page_id=188#primaryimage\",\"url\":\"https:\\\/\\\/casafema.mx\\\/wp-content\\\/uploads\\\/2023\\\/09\\\/muros-decorativos-2.webp\",\"contentUrl\":\"https:\\\/\\\/casafema.mx\\\/wp-content\\\/uploads\\\/2023\\\/09\\\/muros-decorativos-2.webp\",\"width\":600,\"height\":600},{\"@type\":\"BreadcrumbList\",\"@id\":\"https:\\\/\\\/casafema.mx\\\/?page_id=188#breadcrumb\",\"itemListElement\":[{\"@type\":\"ListItem\",\"position\":1,\"name\":\"Portada\",\"item\":\"https:\\\/\\\/casafema.mx\\\/\"},{\"@type\":\"ListItem\",\"position\":2,\"name\":\"Muros decorativos\"}]},{\"@type\":\"WebSite\",\"@id\":\"https:\\\/\\\/casafema.mx\\\/#website\",\"url\":\"https:\\\/\\\/casafema.mx\\\/\",\"name\":\"Casa Fema\",\"description\":\"CASA FEMA tiene diferentes servicios y\\\/o productos para tus proyectos\",\"publisher\":{\"@id\":\"https:\\\/\\\/casafema.mx\\\/#organization\"},\"potentialAction\":[{\"@type\":\"SearchAction\",\"target\":{\"@type\":\"EntryPoint\",\"urlTemplate\":\"https:\\\/\\\/casafema.mx\\\/?s={search_term_string}\"},\"query-input\":{\"@type\":\"PropertyValueSpecification\",\"valueRequired\":true,\"valueName\":\"search_term_string\"}}],\"inLanguage\":\"es\"},{\"@type\":\"Organization\",\"@id\":\"https:\\\/\\\/casafema.mx\\\/#organization\",\"name\":\"Casa Fema\",\"url\":\"https:\\\/\\\/casafema.mx\\\/\",\"logo\":{\"@type\":\"ImageObject\",\"inLanguage\":\"es\",\"@id\":\"https:\\\/\\\/casafema.mx\\\/#\\\/schema\\\/logo\\\/image\\\/\",\"url\":\"https:\\\/\\\/casafema.mx\\\/wp-content\\\/uploads\\\/2023\\\/09\\\/cropped-LOGO-scaled-2.jpg\",\"contentUrl\":\"https:\\\/\\\/casafema.mx\\\/wp-content\\\/uploads\\\/2023\\\/09\\\/cropped-LOGO-scaled-2.jpg\",\"width\":2558,\"height\":744,\"caption\":\"Casa Fema\"},\"image\":{\"@id\":\"https:\\\/\\\/casafema.mx\\\/#\\\/schema\\\/logo\\\/image\\\/\"}}]}<\/script>\n<!-- \/ Yoast SEO plugin. -->","yoast_head_json":{"title":"Muros decorativos - Casa Fema","robots":{"index":"index","follow":"follow","max-snippet":"max-snippet:-1","max-image-preview":"max-image-preview:large","max-video-preview":"max-video-preview:-1"},"canonical":"https:\/\/casafema.mx\/?page_id=188","og_locale":"es_ES","og_type":"article","og_title":"Muros decorativos - Casa Fema","og_description":"Los muros decorativos tienen m\u00faltiples beneficios, desde realzar el atractivo de un lugar hasta funcionar como aislante t\u00e9rmico. El dise\u00f1o de interiores con muros decorativos, adem\u00e1s de ser atractivos para los clientes, tambi\u00e9n sirven de aislante ac\u00fastico y pueden llegar a generar diferentes tipos de ambientes dependiendo del lugar para el que se vaya a [&hellip;]","og_url":"https:\/\/casafema.mx\/?page_id=188","og_site_name":"Casa Fema","article_modified_time":"2023-09-04T23:54:05+00:00","og_image":[{"url":"https:\/\/casafema.mx\/wp-content\/uploads\/2023\/09\/muros-decorativos-2.webp","type":"","width":"","height":""}],"twitter_card":"summary_large_image","twitter_misc":{"Tiempo de lectura":"1 minuto"},"schema":{"@context":"https:\/\/schema.org","@graph":[{"@type":"WebPage","@id":"https:\/\/casafema.mx\/?page_id=188","url":"https:\/\/casafema.mx\/?page_id=188","name":"Muros decorativos - Casa Fema","isPartOf":{"@id":"https:\/\/casafema.mx\/#website"},"primaryImageOfPage":{"@id":"https:\/\/casafema.mx\/?page_id=188#primaryimage"},"image":{"@id":"https:\/\/casafema.mx\/?page_id=188#primaryimage"},"thumbnailUrl":"https:\/\/casafema.mx\/wp-content\/uploads\/2023\/09\/muros-decorativos-2.webp","datePublished":"2023-09-04T23:54:04+00:00","dateModified":"2023-09-04T23:54:05+00:00","breadcrumb":{"@id":"https:\/\/casafema.mx\/?page_id=188#breadcrumb"},"inLanguage":"es","potentialAction":[{"@type":"ReadAction","target":["https:\/\/casafema.mx\/?page_id=188"]}]},{"@type":"ImageObject","inLanguage":"es","@id":"https:\/\/casafema.mx\/?page_id=188#primaryimage","url":"https:\/\/casafema.mx\/wp-content\/uploads\/2023\/09\/muros-decorativos-2.webp","contentUrl":"https:\/\/casafema.mx\/wp-content\/uploads\/2023\/09\/muros-decorativos-2.webp","width":600,"height":600},{"@type":"BreadcrumbList","@id":"https:\/\/casafema.mx\/?page_id=188#breadcrumb","itemListElement":[{"@type":"ListItem","position":1,"name":"Portada","item":"https:\/\/casafema.mx\/"},{"@type":"ListItem","position":2,"name":"Muros decorativos"}]},{"@type":"WebSite","@id":"https:\/\/casafema.mx\/#website","url":"https:\/\/casafema.mx\/","name":"Casa Fema","description":"CASA FEMA tiene diferentes servicios y\/o productos para tus proyectos","publisher":{"@id":"https:\/\/casafema.mx\/#organization"},"potentialAction":[{"@type":"SearchAction","target":{"@type":"EntryPoint","urlTemplate":"https:\/\/casafema.mx\/?s={search_term_string}"},"query-input":{"@type":"PropertyValueSpecification","valueRequired":true,"valueName":"search_term_string"}}],"inLanguage":"es"},{"@type":"Organization","@id":"https:\/\/casafema.mx\/#organization","name":"Casa Fema","url":"https:\/\/casafema.mx\/","logo":{"@type":"ImageObject","inLanguage":"es","@id":"https:\/\/casafema.mx\/#\/schema\/logo\/image\/","url":"https:\/\/casafema.mx\/wp-content\/uploads\/2023\/09\/cropped-LOGO-scaled-2.jpg","contentUrl":"https:\/\/casafema.mx\/wp-content\/uploads\/2023\/09\/cropped-LOGO-scaled-2.jpg","width":2558,"height":744,"caption":"Casa Fema"},"image":{"@id":"https:\/\/casafema.mx\/#\/schema\/logo\/image\/"}}]}},"_links":{"self":[{"href":"https:\/\/casafema.mx\/index.php?rest_route=\/wp\/v2\/pages\/188","targetHints":{"allow":["GET"]}}],"collection":[{"href":"https:\/\/casafema.mx\/index.php?rest_route=\/wp\/v2\/pages"}],"about":[{"href":"https:\/\/casafema.mx\/index.php?rest_route=\/wp\/v2\/types\/page"}],"author":[{"embeddable":true,"href":"https:\/\/casafema.mx\/index.php?rest_route=\/wp\/v2\/users\/1"}],"replies":[{"embeddable":true,"href":"https:\/\/casafema.mx\/index.php?rest_route=%2Fwp%2Fv2%2Fcomments&post=188"}],"version-history":[{"count":1,"href":"https:\/\/casafema.mx\/index.php?rest_route=\/wp\/v2\/pages\/188\/revisions"}],"predecessor-version":[{"id":190,"href":"https:\/\/casafema.mx\/index.php?rest_route=\/wp\/v2\/pages\/188\/revisions\/190"}],"wp:attachment":[{"href":"https:\/\/casafema.mx\/index.php?rest_route=%2Fwp%2Fv2%2Fmedia&parent=188"}],"curies":[{"name":"wp","href":"https:\/\/api.w.org\/{rel}","templated":true}]}}